{"id":182,"date":"2020-08-26T11:21:10","date_gmt":"2020-08-26T09:21:10","guid":{"rendered":"http:\/\/www.cfs49.fr\/?page_id=182"},"modified":"2026-03-13T13:19:02","modified_gmt":"2026-03-13T12:19:02","slug":"formations-aux-premiers-secours","status":"publish","type":"page","link":"https:\/\/www.cfs49.fr\/?page_id=182","title":{"rendered":"Formations aux premiers secours"},"content":{"rendered":"\n\n<p>Vous trouverez ci-dessous nos prochaines sessions de formation.<\/p>\n<ul>\n<li>Inscription en ligne possible avec r\u00e8glement par carte bleue (paiement s\u00e9curis\u00e9), ch\u00e8que ou esp\u00e8ce.<\/li>\n<li>Inscription papier possible en t\u00e9l\u00e9chargeant le formulaire <a href=\"https:\/\/www.cfs49.fr\/wp-content\/uploads\/2025\/02\/FICHE-INSCRIPTION-PSC-GQS.pdf\">ici<\/a><\/li>\n<\/ul>\n\n\n\n\n<p><\/p>\n\n\n\n<iframe id=\"haWidget\" allowtransparency=\"true\" src=\"https:\/\/www.helloasso.com\/associations\/centre-francais-de-secourisme-du-maine-et-loire-sigle-cfs-49\/evenements\/formation-psc1-du-jeudi-19-mars-2026\/widget-vignette\" style=\"width: 350px; height: 600px; border: none;\">\n<\/iframe>\n\n\n\n<iframe id=\"haWidget\" allowtransparency=\"true\" src=\"https:\/\/www.helloasso.com\/associations\/centre-francais-de-secourisme-du-maine-et-loire-sigle-cfs-49\/evenements\/formation-psc1-du-samedi-28-mars-2026\/widget-vignette\" style=\"width: 350px; height: 600px; border: none;\">\n<\/iframe>\n\n\n\n<iframe id=\"haWidget\" allowtransparency=\"true\" src=\"https:\/\/www.helloasso.com\/associations\/centre-francais-de-secourisme-du-maine-et-loire-sigle-cfs-49\/evenements\/formation-psc-du-mardi-14-avril-2026\/widget-vignette\" style=\"width: 350px; height: 600px; border: none;\">\n<\/iframe>\n\n\n\n<iframe id=\"haWidget\" allowtransparency=\"true\" src=\"https:\/\/www.helloasso.com\/associations\/centre-francais-de-secourisme-du-maine-et-loire-sigle-cfs-49\/evenements\/formation-psc-du-samedi-4-avril-2026\/widget-vignette\" style=\"width: 350px; height: 600px; border: none;\">\n<\/iframe>\n\n\n\n<iframe id=\"haWidget\" allowtransparency=\"true\" src=\"https:\/\/www.helloasso.com\/associations\/centre-francais-de-secourisme-du-maine-et-loire-sigle-cfs-49\/evenements\/formation-psc1-du-samedi-25-avril-2026\/widget-vignette\" style=\"width: 350px; height: 600px; border: none;\">\n<\/iframe>\n\n\n\n<iframe id=\"haWidget\" allowtransparency=\"true\" src=\"https:\/\/www.helloasso.com\/associations\/centre-francais-de-secourisme-du-maine-et-loire-sigle-cfs-49\/evenements\/formation-psc-du-mercredi-13-mai-2026\/widget-vignette\" style=\"width: 350px; height: 600px; border: none;\">\n<\/iframe>\n\n\n\n<iframe id=\"haWidget\" allowtransparency=\"true\" src=\"https:\/\/www.helloasso.com\/associations\/centre-francais-de-secourisme-du-maine-et-loire-sigle-cfs-49\/evenements\/formation-psc-du-samedi-23-mai-2026\/widget-vignette\" style=\"width: 350px; height: 600px; border: none;\">\n<\/iframe>\n\n\n\n<iframe id=\"haWidget\" allowtransparency=\"true\" src=\"https:\/\/www.helloasso.com\/associations\/centre-francais-de-secourisme-du-maine-et-loire-sigle-cfs-49\/evenements\/formation-psc-du-samedi-6-juin-2026\/widget-vignette\" style=\"width: 350px; height: 600px; border: none;\">\n<\/iframe>\n\n\n\n<iframe id=\"haWidget\" allowtransparency=\"true\" src=\"https:\/\/www.helloasso.com\/associations\/centre-francais-de-secourisme-du-maine-et-loire-sigle-cfs-49\/evenements\/formation-psc-du-samedi-20-juin-2026\/widget-vignette\" style=\"width: 350px; height: 600px; border: none;\">\n<\/iframe>\n\n\n\n<p><a href=\"\"><\/a><\/p>\n","protected":false},"excerpt":{"rendered":"<p>Vous trouverez ci-dessous nos prochaines sessions de formation. Inscription en ligne possible avec r\u00e8glement par carte bleue (paiement s\u00e9curis\u00e9), ch\u00e8que ou esp\u00e8ce. Inscription papier possible en t\u00e9l\u00e9chargeant le formulaire ici<\/p>\n","protected":false},"author":1,"featured_media":0,"parent":0,"menu_order":0,"comment_status":"closed","ping_status":"closed","template":"template_fullwidth.php","meta":[],"_links":{"self":[{"href":"https:\/\/www.cfs49.fr\/index.php?rest_route=\/wp\/v2\/pages\/182"}],"collection":[{"href":"https:\/\/www.cfs49.fr\/index.php?rest_route=\/wp\/v2\/pages"}],"about":[{"href":"https:\/\/www.cfs49.fr\/index.php?rest_route=\/wp\/v2\/types\/page"}],"author":[{"embeddable":true,"href":"https:\/\/www.cfs49.fr\/index.php?rest_route=\/wp\/v2\/users\/1"}],"replies":[{"embeddable":true,"href":"https:\/\/www.cfs49.fr\/index.php?rest_route=%2Fwp%2Fv2%2Fcomments&post=182"}],"version-history":[{"count":269,"href":"https:\/\/www.cfs49.fr\/index.php?rest_route=\/wp\/v2\/pages\/182\/revisions"}],"predecessor-version":[{"id":792,"href":"https:\/\/www.cfs49.fr\/index.php?rest_route=\/wp\/v2\/pages\/182\/revisions\/792"}],"wp:attachment":[{"href":"https:\/\/www.cfs49.fr\/index.php?rest_route=%2Fwp%2Fv2%2Fmedia&parent=182"}],"curies":[{"name":"wp","href":"https:\/\/api.w.org\/{rel}","templated":true}]}}